{"id":131,"date":"2015-12-01T10:26:37","date_gmt":"2015-12-01T10:26:37","guid":{"rendered":"http:\/\/www.silkeundhubert.de\/wordpress\/?page_id=131"},"modified":"2015-12-01T18:17:28","modified_gmt":"2015-12-01T18:17:28","slug":"bildtest","status":"publish","type":"page","link":"https:\/\/www.silkeundhubert.de\/wordpress\/?page_id=131","title":{"rendered":"Bildtest"},"content":{"rendered":"<p>Ein neues Mitglied konnten wir in unserer Kameradschaft begr\u00fc\u00dfen, Arno Hartmann; und dabei ist nat\u00fcrlich seine Frau Carla.<br \/>\n<a href=\"https:\/\/www.silkeundhubert.de\/wordpress\/wp-content\/uploads\/2012\/12\/hubs.jpg\"><img loading=\"lazy\" decoding=\"async\" class=\"size-medium wp-image-9 alignleft\" src=\"https:\/\/www.silkeundhubert.de\/wordpress\/wp-content\/uploads\/2012\/12\/hubs-300x86.jpg\" alt=\"hubs\" width=\"300\" height=\"86\" srcset=\"https:\/\/www.silkeundhubert.de\/wordpress\/wp-content\/uploads\/2012\/12\/hubs-300x86.jpg 300w, https:\/\/www.silkeundhubert.de\/wordpress\/wp-content\/uploads\/2012\/12\/hubs.jpg 1000w\" sizes=\"auto, (max-width: 300px) 100vw, 300px\" \/><\/a>Armin ist Rechtsanwalt und Notar und als solcher beruflich beheimatet in der Kanzlei Oldermann und Hartmann in der Hamburger Kanalstra\u00dfe, wo er mit seiner Frau auch lebt. Bei der notariellen Bearbeitung unserer neuen Satzung hat er sich schon einmal f\u00fcr uns verdient gemacht.<br \/>\nCarla und Arno sind seit 2013 Eigner einer HR 38 namens &#8222;PAULA&#8220; , mit der sie unsere Flotte verst\u00e4rken wollen. Und ein bisschen gespannt sind sie schon auf das Leben in und mit der Segelkameradschaft; wie schrieben sie uns doch so sch\u00f6n: &#8222;&#8230;wir hoffen auf ein fruchtbringendes Miteinander und eine sch\u00f6ne Zeit im Verein zu Lande und zu Wasser.&#8220;<br \/>\nNa! Dann man tau, herzlich Willkommen!<\/p>\n","protected":false},"excerpt":{"rendered":"<p>Ein neues Mitglied konnten wir in unserer Kameradschaft begr\u00fc\u00dfen, Arno Hartmann; und dabei ist nat\u00fcrlich seine Frau Carla. Armin ist Rechtsanwalt und Notar und als solcher beruflich beheimatet in der Kanzlei Oldermann und Hartmann in der Hamburger Kanalstra\u00dfe, wo er mit seiner Frau auch lebt. Bei der notariellen Bearbeitung unserer neuen Satzung hat er sich [&hellip;]<\/p>\n","protected":false},"author":5,"featured_media":0,"parent":0,"menu_order":0,"comment_status":"closed","ping_status":"closed","template":"","meta":{"footnotes":""},"class_list":["post-131","page","type-page","status-publish","hentry"],"_links":{"self":[{"href":"https:\/\/www.silkeundhubert.de\/wordpress\/index.php?rest_route=\/wp\/v2\/pages\/131","targetHints":{"allow":["GET"]}}],"collection":[{"href":"https:\/\/www.silkeundhubert.de\/wordpress\/index.php?rest_route=\/wp\/v2\/pages"}],"about":[{"href":"https:\/\/www.silkeundhubert.de\/wordpress\/index.php?rest_route=\/wp\/v2\/types\/page"}],"author":[{"embeddable":true,"href":"https:\/\/www.silkeundhubert.de\/wordpress\/index.php?rest_route=\/wp\/v2\/users\/5"}],"replies":[{"embeddable":true,"href":"https:\/\/www.silkeundhubert.de\/wordpress\/index.php?rest_route=%2Fwp%2Fv2%2Fcomments&post=131"}],"version-history":[{"count":23,"href":"https:\/\/www.silkeundhubert.de\/wordpress\/index.php?rest_route=\/wp\/v2\/pages\/131\/revisions"}],"predecessor-version":[{"id":158,"href":"https:\/\/www.silkeundhubert.de\/wordpress\/index.php?rest_route=\/wp\/v2\/pages\/131\/revisions\/158"}],"wp:attachment":[{"href":"https:\/\/www.silkeundhubert.de\/wordpress\/index.php?rest_route=%2Fwp%2Fv2%2Fmedia&parent=131"}],"curies":[{"name":"wp","href":"https:\/\/api.w.org\/{rel}","templated":true}]}}