{"id":224,"date":"2026-02-14T16:44:22","date_gmt":"2026-02-14T15:44:22","guid":{"rendered":"https:\/\/www.silkeundhubert.de\/wordpress\/?page_id=224"},"modified":"2026-03-09T17:49:34","modified_gmt":"2026-03-09T16:49:34","slug":"seite-fuer-downloads","status":"publish","type":"page","link":"https:\/\/www.silkeundhubert.de\/wordpress\/?page_id=224","title":{"rendered":"Infos und Download f\u00fcr SSS \u00dcbung"},"content":{"rendered":"<p><strong>So, Leute, ich fahre erstmal nach Frankreich und \u00fcberlasse Euch Eurem Schicksal. Vor den Pr\u00fcfungen legen wir dann nochmal los<\/strong><\/p>\n<p>&#8212;&#8212;&#8212;-Veranstaltung 4 &#8212;&#8212;&#8211;<\/p>\n<p><a href=\"https:\/\/www.silkeundhubert.de\/wordpress\/wp-content\/uploads\/2026\/03\/att_ramsgate.ppt\">Gezeiten Ramsgate<\/a><\/p>\n<p><a href=\"https:\/\/www.silkeundhubert.de\/wordpress\/wp-content\/uploads\/2026\/03\/kurs-und-strom.odp\">Kurs und Strom<\/a><\/p>\n<p><a href=\"https:\/\/www.silkeundhubert.de\/wordpress\/wp-content\/uploads\/2026\/03\/Feuer-in-der-Kimm.odp\">Feuer in der Kimm<\/a><\/p>\n<p><a href=\"https:\/\/www.silkeundhubert.de\/wordpress\/wp-content\/uploads\/2026\/03\/Vom-KaK-zum-MgK-Strom.odp\">Vom KaK zum MgK &#8211; Strom<\/a><\/p>\n<p><a href=\"https:\/\/www.silkeundhubert.de\/wordpress\/wp-content\/uploads\/2026\/03\/Versegelung.ppt\">Versegelung<\/a><\/p>\n<p><a href=\"https:\/\/www.silkeundhubert.de\/wordpress\/wp-content\/uploads\/2026\/03\/leuchtturm.odp\">Leuchtturm Angaben<\/a><\/p>\n<p><a href=\"https:\/\/www.silkeundhubert.de\/wordpress\/wp-content\/uploads\/2026\/03\/kompassrose.odp\">Kompassrose- annual change<\/a><\/p>\n<p>&#8212;&#8212;&#8212;-Veranstaltung 3 &#8212;&#8212;&#8211;<br \/>\n<a href=\"https:\/\/www.silkeundhubert.de\/wordpress\/wp-content\/uploads\/2026\/03\/Aufgabe-006-SHS.ppt\">Aufgabe 006 SHS<\/a><br \/>\n<strong>Wer die Aufgabe komplett l\u00f6st, ist gut davor!<\/strong><br \/>\n<a href=\"https:\/\/www.silkeundhubert.de\/wordpress\/wp-content\/uploads\/2026\/03\/Loeung-shs06.pdf\">L\u00f6sung shs06<\/a><\/p>\n<p>&#8212;&#8212;&#8212;-Veranstaltung 2 &#8212;&#8212;&#8211;<br \/>\nDie L\u00f6sungen der Aufgaben von heute sind okay!<\/p>\n<p><a href=\"https:\/\/www.silkeundhubert.de\/wordpress\/wp-content\/uploads\/2026\/02\/radarplot-setup-1.5.0.zip\">Radarplot-Setup-1.5.0 &lt;&#8211; Da steckt die EXE drin!<\/a><\/p>\n<p><a href=\"https:\/\/www.silkeundhubert.de\/wordpress\/wp-content\/uploads\/2026\/02\/sheet2.jpg\"><img loading=\"lazy\" decoding=\"async\" class=\"alignright size-medium wp-image-257\" src=\"https:\/\/www.silkeundhubert.de\/wordpress\/wp-content\/uploads\/2026\/02\/sheet2-300x270.jpg\" alt=\"\" width=\"300\" height=\"270\" srcset=\"https:\/\/www.silkeundhubert.de\/wordpress\/wp-content\/uploads\/2026\/02\/sheet2-300x270.jpg 300w, https:\/\/www.silkeundhubert.de\/wordpress\/wp-content\/uploads\/2026\/02\/sheet2-1024x920.jpg 1024w, https:\/\/www.silkeundhubert.de\/wordpress\/wp-content\/uploads\/2026\/02\/sheet2-768x690.jpg 768w, https:\/\/www.silkeundhubert.de\/wordpress\/wp-content\/uploads\/2026\/02\/sheet2-1536x1381.jpg 1536w, https:\/\/www.silkeundhubert.de\/wordpress\/wp-content\/uploads\/2026\/02\/sheet2-2048x1841.jpg 2048w\" sizes=\"auto, (max-width: 300px) 100vw, 300px\" \/><\/a><\/p>\n<p><a href=\"https:\/\/www.silkeundhubert.de\/wordpress\/wp-content\/uploads\/2026\/02\/tidal_prediction.pdf\">Tide Form gro\u00df<\/a><\/p>\n<p><a href=\"https:\/\/www.silkeundhubert.de\/wordpress\/wp-content\/uploads\/2026\/02\/tideform.pdf\">vierfach Tideforms<\/a><\/p>\n<p><a href=\"https:\/\/www.silkeundhubert.de\/wordpress\/wp-content\/uploads\/2026\/02\/ATTNTERPOLIEREN-le-croisic_reeds.ppt\">ATT NTERPOLIEREN le croisic_reeds<\/a><\/p>\n<p><a href=\"https:\/\/www.silkeundhubert.de\/wordpress\/wp-content\/uploads\/2026\/02\/ATT_cherbourg_barfleur.ppt\">ATT_cherbourg_barfleur<\/a><\/p>\n<p><a href=\"https:\/\/www.silkeundhubert.de\/wordpress\/wp-content\/uploads\/2026\/02\/ATT-seondary-Granville.ppt\">ATT secondary Granville<\/a><\/p>\n<p><a href=\"https:\/\/www.silkeundhubert.de\/wordpress\/wp-content\/uploads\/2026\/02\/KARTENaufgabe-2.ppt\">KARTEN Aufgabe 2<\/a><\/p>\n<p><a href=\"https:\/\/www.silkeundhubert.de\/wordpress\/wp-content\/uploads\/2026\/02\/ATTwestkapelle.ppt\">ATT Westkapelle<\/a><\/p>\n<p>&#8212;&#8212;&#8212;-Veranstaltung 1&#8212;&#8212;&#8211;<br \/>\nHallo, Ihr Lieben,<br \/>\nDie folgenden Dateien geh\u00f6ren zu unserer ersten Veranstaltung. Die Kartenaufgabe ist jetzt in der &#8222;aktuellen&#8220; Version.<br \/>\nViel Spa\u00df! Wir sehen uns kommenden Dienstag um 1500.<br \/>\nSchwerpunktthema dann: Gezeiten Rechnung<\/p>\n<p><a href=\"https:\/\/www.silkeundhubert.de\/wordpress\/wp-content\/uploads\/2026\/02\/kartenarbeit1.jpg\"><img loading=\"lazy\" decoding=\"async\" class=\"alignright size-medium wp-image-239\" src=\"https:\/\/www.silkeundhubert.de\/wordpress\/wp-content\/uploads\/2026\/02\/kartenarbeit1-233x300.jpg\" alt=\"\" width=\"233\" height=\"300\" srcset=\"https:\/\/www.silkeundhubert.de\/wordpress\/wp-content\/uploads\/2026\/02\/kartenarbeit1-233x300.jpg 233w, https:\/\/www.silkeundhubert.de\/wordpress\/wp-content\/uploads\/2026\/02\/kartenarbeit1-794x1024.jpg 794w, https:\/\/www.silkeundhubert.de\/wordpress\/wp-content\/uploads\/2026\/02\/kartenarbeit1-768x991.jpg 768w, https:\/\/www.silkeundhubert.de\/wordpress\/wp-content\/uploads\/2026\/02\/kartenarbeit1-1190x1536.jpg 1190w, https:\/\/www.silkeundhubert.de\/wordpress\/wp-content\/uploads\/2026\/02\/kartenarbeit1.jpg 1495w\" sizes=\"auto, (max-width: 233px) 100vw, 233px\" \/><\/a><\/p>\n<p><a href=\"https:\/\/www.silkeundhubert.de\/wordpress\/wp-content\/uploads\/2026\/02\/kartenarbeit2.jpg\"><img loading=\"lazy\" decoding=\"async\" class=\"alignright size-medium wp-image-238\" src=\"https:\/\/www.silkeundhubert.de\/wordpress\/wp-content\/uploads\/2026\/02\/kartenarbeit2-212x300.jpg\" alt=\"\" width=\"212\" height=\"300\" srcset=\"https:\/\/www.silkeundhubert.de\/wordpress\/wp-content\/uploads\/2026\/02\/kartenarbeit2-212x300.jpg 212w, https:\/\/www.silkeundhubert.de\/wordpress\/wp-content\/uploads\/2026\/02\/kartenarbeit2-723x1024.jpg 723w, https:\/\/www.silkeundhubert.de\/wordpress\/wp-content\/uploads\/2026\/02\/kartenarbeit2-768x1088.jpg 768w, https:\/\/www.silkeundhubert.de\/wordpress\/wp-content\/uploads\/2026\/02\/kartenarbeit2-1084x1536.jpg 1084w, https:\/\/www.silkeundhubert.de\/wordpress\/wp-content\/uploads\/2026\/02\/kartenarbeit2.jpg 1240w\" sizes=\"auto, (max-width: 212px) 100vw, 212px\" \/><\/a><\/p>\n<p><a href=\"https:\/\/www.silkeundhubert.de\/wordpress\/wp-content\/uploads\/2026\/02\/uebung-rechner.pdf\"><strong>Rechner Praxis<\/strong><\/a><\/p>\n<p><a href=\"https:\/\/www.silkeundhubert.de\/wordpress\/wp-content\/uploads\/2026\/02\/Aufgabe-10_2005.ppt\"><strong>Aufgabe 10_2005<\/strong><\/a><\/p>\n<p><strong><a href=\"https:\/\/www.silkeundhubert.de\/wordpress\/wp-content\/uploads\/2026\/02\/2-strompunkt.ppt\">Strompunkt<\/a><\/strong><\/p>\n<p><a href=\"https:\/\/www.silkeundhubert.de\/wordpress\/wp-content\/uploads\/2026\/02\/Taschenrechner-Uebung.pdf\"><strong>Taschenrechner-\u00dcbung<\/strong><\/a><\/p>\n","protected":false},"excerpt":{"rendered":"<p>So, Leute, ich fahre erstmal nach Frankreich und \u00fcberlasse Euch Eurem Schicksal. Vor den Pr\u00fcfungen legen wir dann nochmal los &#8212;&#8212;&#8212;-Veranstaltung 4 &#8212;&#8212;&#8211; Gezeiten Ramsgate Kurs und Strom Feuer in der Kimm Vom KaK zum MgK &#8211; Strom Versegelung Leuchtturm Angaben Kompassrose- annual change &#8212;&#8212;&#8212;-Veranstaltung 3 &#8212;&#8212;&#8211; Aufgabe 006 SHS Wer die Aufgabe komplett l\u00f6st, [&hellip;]<\/p>\n","protected":false},"author":5,"featured_media":0,"parent":11,"menu_order":0,"comment_status":"closed","ping_status":"closed","template":"","meta":{"footnotes":""},"class_list":["post-224","page","type-page","status-publish","hentry"],"_links":{"self":[{"href":"https:\/\/www.silkeundhubert.de\/wordpress\/index.php?rest_route=\/wp\/v2\/pages\/224","targetHints":{"allow":["GET"]}}],"collection":[{"href":"https:\/\/www.silkeundhubert.de\/wordpress\/index.php?rest_route=\/wp\/v2\/pages"}],"about":[{"href":"https:\/\/www.silkeundhubert.de\/wordpress\/index.php?rest_route=\/wp\/v2\/types\/page"}],"author":[{"embeddable":true,"href":"https:\/\/www.silkeundhubert.de\/wordpress\/index.php?rest_route=\/wp\/v2\/users\/5"}],"replies":[{"embeddable":true,"href":"https:\/\/www.silkeundhubert.de\/wordpress\/index.php?rest_route=%2Fwp%2Fv2%2Fcomments&post=224"}],"version-history":[{"count":37,"href":"https:\/\/www.silkeundhubert.de\/wordpress\/index.php?rest_route=\/wp\/v2\/pages\/224\/revisions"}],"predecessor-version":[{"id":294,"href":"https:\/\/www.silkeundhubert.de\/wordpress\/index.php?rest_route=\/wp\/v2\/pages\/224\/revisions\/294"}],"up":[{"embeddable":true,"href":"https:\/\/www.silkeundhubert.de\/wordpress\/index.php?rest_route=\/wp\/v2\/pages\/11"}],"wp:attachment":[{"href":"https:\/\/www.silkeundhubert.de\/wordpress\/index.php?rest_route=%2Fwp%2Fv2%2Fmedia&parent=224"}],"curies":[{"name":"wp","href":"https:\/\/api.w.org\/{rel}","templated":true}]}}